{"id":451,"date":"2019-11-04T14:27:34","date_gmt":"2019-11-04T12:27:34","guid":{"rendered":"http:\/\/neu.fluidsystems.de\/internal-pipe-coating-machine\/"},"modified":"2020-03-12T12:56:33","modified_gmt":"2020-03-12T10:56:33","slug":"internal-pipe-coating-machine","status":"publish","type":"page","link":"https:\/\/www.fluidsystems.de\/en\/products\/internal-pipe-coating-machine\/","title":{"rendered":"Internal Pipe Coating Machine"},"content":{"rendered":"\t\t<div data-elementor-type=\"wp-page\" data-elementor-id=\"451\" class=\"elementor elementor-451 elementor-187\" data-elementor-post-type=\"page\">\n\t\t\t\t\t\t<section class=\"has_ae_slider elementor-section elementor-top-section elementor-element elementor-element-494cf9ef elementor-section-boxed elementor-section-height-default elementor-section-height-default ae-bg-gallery-type-default\" data-id=\"494cf9ef\" data-element_type=\"section\">\n\t\t\t\t\t\t<div class=\"elementor-container elementor-column-gap-default\">\n\t\t\t\t\t<div class=\"has_ae_slider elementor-column elementor-col-33 elementor-top-column elementor-element elementor-element-14222e38 ae-bg-gallery-type-default\" data-id=\"14222e38\" data-element_type=\"column\">\n\t\t\t<div class=\"elementor-widget-wrap elementor-element-populated\">\n\t\t\t\t\t\t<div class=\"elementor-element elementor-element-2e851cf0 elementor-widget elementor-widget-image\" data-id=\"2e851cf0\" data-element_type=\"widget\" data-widget_type=\"image.default\">\n\t\t\t\t<div class=\"elementor-widget-container\">\n\t\t\t\t\t\t\t\t\t\t\t\t\t\t\t<img decoding=\"async\" width=\"85\" height=\"140\" src=\"https:\/\/www.fluidsystems.de\/wp-content\/uploads\/2019\/11\/register_korrosion.jpg\" class=\"attachment-large size-large wp-image-1120\" alt=\"Wachsd\u00fcse, Handd\u00fcse Speziald\u00fcse D\u00fcse f\u00fcr Unterbodenschutz Auftragsd\u00fcsen Sealerd\u00fcse D\u00fcse Nahtabdichtung Handapplikation\" \/>\t\t\t\t\t\t\t\t\t\t\t\t\t\t\t<\/div>\n\t\t\t\t<\/div>\n\t\t\t\t\t<\/div>\n\t\t<\/div>\n\t\t\t\t<div class=\"has_ae_slider elementor-column elementor-col-33 elementor-top-column elementor-element elementor-element-31836cf1 ae-bg-gallery-type-default\" data-id=\"31836cf1\" data-element_type=\"column\">\n\t\t\t<div class=\"elementor-widget-wrap elementor-element-populated\">\n\t\t\t\t\t\t<div class=\"elementor-element elementor-element-345952cd elementor-widget elementor-widget-text-editor\" data-id=\"345952cd\" data-element_type=\"widget\" data-widget_type=\"text-editor.default\">\n\t\t\t\t<div class=\"elementor-widget-container\">\n\t\t\t\t\t\t\t\t\t<h4>For new coating and renovation of pipes made of steel, concrete and other materials.<\/h4><p>Coating materials such as polyurea and PUR with a pot life of approx. 15 seconds can be processed.<br \/>The application of other 2K and 1K coating systems is also possible.<\/p><p>Material supply is done using the customary system technology for the respective coating system.<\/p><p>The internal pipe coating system can be adapted to on-site existing systems, FluidSystems will, of course, also deliver complete solutions.<\/p>\t\t\t\t\t\t\t\t<\/div>\n\t\t\t\t<\/div>\n\t\t\t\t\t<\/div>\n\t\t<\/div>\n\t\t\t\t<div class=\"has_ae_slider elementor-column elementor-col-33 elementor-top-column elementor-element elementor-element-17124186 ae-bg-gallery-type-default\" data-id=\"17124186\" data-element_type=\"column\">\n\t\t\t<div class=\"elementor-widget-wrap elementor-element-populated\">\n\t\t\t\t\t\t<div class=\"elementor-element elementor-element-6dde0022 elementor-widget elementor-widget-image\" data-id=\"6dde0022\" data-element_type=\"widget\" data-widget_type=\"image.default\">\n\t\t\t\t<div class=\"elementor-widget-container\">\n\t\t\t\t\t\t\t\t\t\t\t\t\t\t\t<img fetchpriority=\"high\" decoding=\"async\" width=\"375\" height=\"262\" src=\"https:\/\/www.fluidsystems.de\/wp-content\/uploads\/2019\/11\/Rohrinnenbeschichtungs3Varianten.jpg\" class=\"attachment-large size-large wp-image-1651\" alt=\"Rohrinnenbeschichtung Rohrbeschichten\" srcset=\"https:\/\/www.fluidsystems.de\/wp-content\/uploads\/2019\/11\/Rohrinnenbeschichtungs3Varianten.jpg 375w, https:\/\/www.fluidsystems.de\/wp-content\/uploads\/2019\/11\/Rohrinnenbeschichtungs3Varianten-300x210.jpg 300w\" sizes=\"(max-width: 375px) 100vw, 375px\" \/>\t\t\t\t\t\t\t\t\t\t\t\t\t\t\t<\/div>\n\t\t\t\t<\/div>\n\t\t\t\t\t<\/div>\n\t\t<\/div>\n\t\t\t\t\t<\/div>\n\t\t<\/section>\n\t\t\t\t<section class=\"has_ae_slider elementor-section elementor-top-section elementor-element elementor-element-445243a9 elementor-section-boxed elementor-section-height-default elementor-section-height-default ae-bg-gallery-type-default\" data-id=\"445243a9\" data-element_type=\"section\">\n\t\t\t\t\t\t<div class=\"elementor-container elementor-column-gap-default\">\n\t\t\t\t\t<div class=\"has_ae_slider elementor-column elementor-col-33 elementor-top-column elementor-element elementor-element-7af2548e ae-bg-gallery-type-default\" data-id=\"7af2548e\" data-element_type=\"column\">\n\t\t\t<div class=\"elementor-widget-wrap elementor-element-populated\">\n\t\t\t\t\t\t<div class=\"elementor-element elementor-element-23c09766 elementor-widget elementor-widget-image\" data-id=\"23c09766\" data-element_type=\"widget\" data-widget_type=\"image.default\">\n\t\t\t\t<div class=\"elementor-widget-container\">\n\t\t\t\t\t\t\t\t\t\t\t\t\t\t\t<img decoding=\"async\" width=\"85\" height=\"140\" src=\"https:\/\/www.fluidsystems.de\/wp-content\/uploads\/2019\/11\/register_korrosion.jpg\" class=\"attachment-large size-large wp-image-1120\" alt=\"Wachsd\u00fcse, Handd\u00fcse Speziald\u00fcse D\u00fcse f\u00fcr Unterbodenschutz Auftragsd\u00fcsen Sealerd\u00fcse D\u00fcse Nahtabdichtung Handapplikation\" \/>\t\t\t\t\t\t\t\t\t\t\t\t\t\t\t<\/div>\n\t\t\t\t<\/div>\n\t\t\t\t\t<\/div>\n\t\t<\/div>\n\t\t\t\t<div class=\"has_ae_slider elementor-column elementor-col-33 elementor-top-column elementor-element elementor-element-628449d6 ae-bg-gallery-type-default\" data-id=\"628449d6\" data-element_type=\"column\">\n\t\t\t<div class=\"elementor-widget-wrap elementor-element-populated\">\n\t\t\t\t\t\t<div class=\"elementor-element elementor-element-1646f83d elementor-widget elementor-widget-text-editor\" data-id=\"1646f83d\" data-element_type=\"widget\" data-widget_type=\"text-editor.default\">\n\t\t\t\t<div class=\"elementor-widget-container\">\n\t\t\t\t\t\t\t\t\t<h4>other:<\/h4><ul><li>pipe diameters of approx. 150 mm to 800 mm can be coated.<\/li><li>the system technology can be stationary or mobile on site.<\/li><li>the positioning of the internal pipe coating system and procedure can completed using a linear feeding unit or using a drive system individually adapted to the coating project.<\/li><\/ul><p>We will gladly present the system in theory and in practice.<\/p>\t\t\t\t\t\t\t\t<\/div>\n\t\t\t\t<\/div>\n\t\t\t\t\t<\/div>\n\t\t<\/div>\n\t\t\t\t<div class=\"has_ae_slider elementor-column elementor-col-33 elementor-top-column elementor-element elementor-element-117fc94e ae-bg-gallery-type-default\" data-id=\"117fc94e\" data-element_type=\"column\">\n\t\t\t<div class=\"elementor-widget-wrap elementor-element-populated\">\n\t\t\t\t\t\t<div class=\"elementor-element elementor-element-70561d7b elementor-widget elementor-widget-image\" data-id=\"70561d7b\" data-element_type=\"widget\" data-widget_type=\"image.default\">\n\t\t\t\t<div class=\"elementor-widget-container\">\n\t\t\t\t\t\t\t\t\t\t\t\t\t\t\t<img decoding=\"async\" width=\"800\" height=\"600\" src=\"https:\/\/www.fluidsystems.de\/wp-content\/uploads\/2019\/11\/IMG_8973-1024x768.jpg\" class=\"attachment-large size-large wp-image-1654\" alt=\"Rohrinnenbeschichtung Rohrwurm\" srcset=\"https:\/\/www.fluidsystems.de\/wp-content\/uploads\/2019\/11\/IMG_8973-1024x768.jpg 1024w, https:\/\/www.fluidsystems.de\/wp-content\/uploads\/2019\/11\/IMG_8973-300x225.jpg 300w, https:\/\/www.fluidsystems.de\/wp-content\/uploads\/2019\/11\/IMG_8973-768x576.jpg 768w, https:\/\/www.fluidsystems.de\/wp-content\/uploads\/2019\/11\/IMG_8973.jpg 1600w\" sizes=\"(max-width: 800px) 100vw, 800px\" \/>\t\t\t\t\t\t\t\t\t\t\t\t\t\t\t<\/div>\n\t\t\t\t<\/div>\n\t\t\t\t\t<\/div>\n\t\t<\/div>\n\t\t\t\t\t<\/div>\n\t\t<\/section>\n\t\t\t\t<section class=\"has_ae_slider elementor-section elementor-top-section elementor-element elementor-element-3cd5a329 elementor-section-boxed elementor-section-height-default elementor-section-height-default ae-bg-gallery-type-default\" data-id=\"3cd5a329\" data-element_type=\"section\">\n\t\t\t\t\t\t<div class=\"elementor-container elementor-column-gap-default\">\n\t\t\t\t\t<div class=\"has_ae_slider elementor-column elementor-col-100 elementor-top-column elementor-element elementor-element-381361b2 ae-bg-gallery-type-default\" data-id=\"381361b2\" data-element_type=\"column\">\n\t\t\t<div class=\"elementor-widget-wrap elementor-element-populated\">\n\t\t\t\t\t\t<div class=\"elementor-element elementor-element-72e5a18b elementor-widget-divider--view-line elementor-widget elementor-widget-divider\" data-id=\"72e5a18b\" data-element_type=\"widget\" data-widget_type=\"divider.default\">\n\t\t\t\t<div class=\"elementor-widget-container\">\n\t\t\t\t\t\t\t<div class=\"elementor-divider\">\n\t\t\t<span class=\"elementor-divider-separator\">\n\t\t\t\t\t\t<\/span>\n\t\t<\/div>\n\t\t\t\t\t\t<\/div>\n\t\t\t\t<\/div>\n\t\t\t\t\t<\/div>\n\t\t<\/div>\n\t\t\t\t\t<\/div>\n\t\t<\/section>\n\t\t\t\t<section class=\"has_ae_slider elementor-section elementor-top-section elementor-element elementor-element-5570c10 elementor-section-boxed elementor-section-height-default elementor-section-height-default ae-bg-gallery-type-default\" data-id=\"5570c10\" data-element_type=\"section\">\n\t\t\t\t\t\t<div class=\"elementor-container elementor-column-gap-default\">\n\t\t\t\t\t<div class=\"has_ae_slider elementor-column elementor-col-100 elementor-top-column elementor-element elementor-element-271dc678 ae-bg-gallery-type-default\" data-id=\"271dc678\" data-element_type=\"column\">\n\t\t\t<div class=\"elementor-widget-wrap elementor-element-populated\">\n\t\t\t\t\t\t<div class=\"elementor-element elementor-element-1afa80d4 elementor-widget elementor-widget-video\" data-id=\"1afa80d4\" data-element_type=\"widget\" data-settings=\"{&quot;youtube_url&quot;:&quot;https:\\\/\\\/www.youtube.com\\\/watch?time_continue=1&amp;v=Mg0Bq2li9qU&quot;,&quot;video_type&quot;:&quot;youtube&quot;,&quot;controls&quot;:&quot;yes&quot;}\" data-widget_type=\"video.default\">\n\t\t\t\t<div class=\"elementor-widget-container\">\n\t\t\t\t\t\t\t<div class=\"elementor-wrapper elementor-open-inline\">\n\t\t\t<div class=\"elementor-video\"><\/div>\t\t<\/div>\n\t\t\t\t\t\t<\/div>\n\t\t\t\t<\/div>\n\t\t\t\t<div class=\"elementor-element elementor-element-e971c5e elementor-widget elementor-widget-video\" data-id=\"e971c5e\" data-element_type=\"widget\" data-settings=\"{&quot;youtube_url&quot;:&quot;https:\\\/\\\/www.youtube.com\\\/watch?v=xT2YErLAHfc&amp;t=8s&quot;,&quot;video_type&quot;:&quot;youtube&quot;,&quot;controls&quot;:&quot;yes&quot;}\" data-widget_type=\"video.default\">\n\t\t\t\t<div class=\"elementor-widget-container\">\n\t\t\t\t\t\t\t<div class=\"elementor-wrapper elementor-open-inline\">\n\t\t\t<div class=\"elementor-video\"><\/div>\t\t<\/div>\n\t\t\t\t\t\t<\/div>\n\t\t\t\t<\/div>\n\t\t\t\t\t<\/div>\n\t\t<\/div>\n\t\t\t\t\t<\/div>\n\t\t<\/section>\n\t\t\t\t<section class=\"has_ae_slider elementor-section elementor-top-section elementor-element elementor-element-70126001 elementor-section-boxed elementor-section-height-default elementor-section-height-default ae-bg-gallery-type-default\" data-id=\"70126001\" data-element_type=\"section\">\n\t\t\t\t\t\t<div class=\"elementor-container elementor-column-gap-default\">\n\t\t\t\t\t<div class=\"has_ae_slider elementor-column elementor-col-100 elementor-top-column elementor-element elementor-element-7a87a42b ae-bg-gallery-type-default\" data-id=\"7a87a42b\" data-element_type=\"column\">\n\t\t\t<div class=\"elementor-widget-wrap elementor-element-populated\">\n\t\t\t\t\t\t<div class=\"elementor-element elementor-element-3837d024 elementor-widget-divider--view-line elementor-widget elementor-widget-divider\" data-id=\"3837d024\" data-element_type=\"widget\" data-widget_type=\"divider.default\">\n\t\t\t\t<div class=\"elementor-widget-container\">\n\t\t\t\t\t\t\t<div class=\"elementor-divider\">\n\t\t\t<span class=\"elementor-divider-separator\">\n\t\t\t\t\t\t<\/span>\n\t\t<\/div>\n\t\t\t\t\t\t<\/div>\n\t\t\t\t<\/div>\n\t\t\t\t<div class=\"elementor-element elementor-element-4b906be1 elementor-widget elementor-widget-heading\" data-id=\"4b906be1\" data-element_type=\"widget\" data-widget_type=\"heading.default\">\n\t\t\t\t<div class=\"elementor-widget-container\">\n\t\t\t\t\t<h4 class=\"elementor-heading-title elementor-size-default\">Range of products<\/h4>\t\t\t\t<\/div>\n\t\t\t\t<\/div>\n\t\t\t\t<div class=\"elementor-element elementor-element-1a0405b0 elementor-widget elementor-widget-text-editor\" data-id=\"1a0405b0\" data-element_type=\"widget\" data-widget_type=\"text-editor.default\">\n\t\t\t\t<div class=\"elementor-widget-container\">\n\t\t\t\t\t\t\t\t\t<p style=\"text-align: left;\">Our portfolio for application in the automobile industry including the following product lines:<\/p>\t\t\t\t\t\t\t\t<\/div>\n\t\t\t\t<\/div>\n\t\t\t\t\t<\/div>\n\t\t<\/div>\n\t\t\t\t\t<\/div>\n\t\t<\/section>\n\t\t\t\t<section class=\"has_ae_slider elementor-section elementor-top-section elementor-element elementor-element-9d07323 elementor-section-boxed elementor-section-height-default elementor-section-height-default ae-bg-gallery-type-default\" data-id=\"9d07323\" data-element_type=\"section\">\n\t\t\t\t\t\t<div class=\"elementor-container elementor-column-gap-default\">\n\t\t\t\t\t<div class=\"has_ae_slider elementor-column elementor-col-14 elementor-top-column elementor-element elementor-element-eac9609 ae-bg-gallery-type-default\" data-id=\"eac9609\" data-element_type=\"column\">\n\t\t\t<div class=\"elementor-widget-wrap elementor-element-populated\">\n\t\t\t\t\t\t<div class=\"elementor-element elementor-element-8e1fa03 elementor-widget elementor-widget-image\" data-id=\"8e1fa03\" data-element_type=\"widget\" data-widget_type=\"image.default\">\n\t\t\t\t<div class=\"elementor-widget-container\">\n\t\t\t\t\t\t\t\t\t\t\t\t\t\t\t<img decoding=\"async\" src=\"https:\/\/www.fluidsystems.de\/wp-content\/uploads\/elementor\/thumbs\/Pikto_Polyurea-qiqcpqh2d88k3bq7nxhn2uxoafhu8mhsfm8m8ao0yw.jpg\" title=\"Pikto_Polyurea\" alt=\"Pikto_Polyurea\" loading=\"lazy\" \/>\t\t\t\t\t\t\t\t\t\t\t\t\t\t\t<\/div>\n\t\t\t\t<\/div>\n\t\t\t\t<div class=\"elementor-element elementor-element-dc7cb17 elementor-widget elementor-widget-text-editor\" data-id=\"dc7cb17\" data-element_type=\"widget\" data-widget_type=\"text-editor.default\">\n\t\t\t\t<div class=\"elementor-widget-container\">\n\t\t\t\t\t\t\t\t\t<p style=\"text-align: center;\">Polyurea\u200b<\/p>\n\t\t\t\t\t\t\t\t<\/div>\n\t\t\t\t<\/div>\n\t\t\t\t\t<\/div>\n\t\t<\/div>\n\t\t\t\t<div class=\"has_ae_slider elementor-column elementor-col-14 elementor-top-column elementor-element elementor-element-9a970a3 ae-bg-gallery-type-default\" data-id=\"9a970a3\" data-element_type=\"column\">\n\t\t\t<div class=\"elementor-widget-wrap elementor-element-populated\">\n\t\t\t\t\t\t<div class=\"elementor-element elementor-element-54836c7 elementor-widget elementor-widget-image\" data-id=\"54836c7\" data-element_type=\"widget\" data-widget_type=\"image.default\">\n\t\t\t\t<div class=\"elementor-widget-container\">\n\t\t\t\t\t\t\t\t\t\t\t\t\t\t\t<img decoding=\"async\" src=\"https:\/\/www.fluidsystems.de\/wp-content\/uploads\/elementor\/thumbs\/Pikto_pistolen-qiqcpqh2d88k3bq7nxhn2uxoafhu8mhsfm8m8ao0yw.jpg\" title=\"Pikto_pistolen\" alt=\"Farbsystems, Farbspritzsysteme Ger\u00e4te zum Auftragen von Lack\" loading=\"lazy\" \/>\t\t\t\t\t\t\t\t\t\t\t\t\t\t\t<\/div>\n\t\t\t\t<\/div>\n\t\t\t\t<div class=\"elementor-element elementor-element-7e64436 elementor-widget elementor-widget-text-editor\" data-id=\"7e64436\" data-element_type=\"widget\" data-widget_type=\"text-editor.default\">\n\t\t\t\t<div class=\"elementor-widget-container\">\n\t\t\t\t\t\t\t\t\t<p style=\"text-align: center;\">Beschichten<\/p>\t\t\t\t\t\t\t\t<\/div>\n\t\t\t\t<\/div>\n\t\t\t\t\t<\/div>\n\t\t<\/div>\n\t\t\t\t<div class=\"has_ae_slider elementor-column elementor-col-14 elementor-top-column elementor-element elementor-element-1f0034f ae-bg-gallery-type-default\" data-id=\"1f0034f\" data-element_type=\"column\">\n\t\t\t<div class=\"elementor-widget-wrap elementor-element-populated\">\n\t\t\t\t\t\t<div class=\"elementor-element elementor-element-417302e elementor-widget elementor-widget-image\" data-id=\"417302e\" data-element_type=\"widget\" data-widget_type=\"image.default\">\n\t\t\t\t<div class=\"elementor-widget-container\">\n\t\t\t\t\t\t\t\t\t\t\t\t\t\t\t<img decoding=\"async\" src=\"https:\/\/www.fluidsystems.de\/wp-content\/uploads\/elementor\/thumbs\/Pikto_mobile-spritzen-qiqcpqh2d88k3bq7nxhn2uxoafhu8mhsfm8m8ao0yw.jpg\" title=\"Pikto_mobile-spritzen\" alt=\"Pumpen, Membranpumpen, Huskypumpen, Presidentpumpen, Kolbenpumpen Reactor ProMix Airlessger\u00e4te Triton B\u00f6llhoff Lebensmittelpumpen Spritzpistolen ATEX Pumpen Pumpenreparatur elektrisch Membranpumpe Pumpe Pumpen Ersatzteile Graco\" loading=\"lazy\" \/>\t\t\t\t\t\t\t\t\t\t\t\t\t\t\t<\/div>\n\t\t\t\t<\/div>\n\t\t\t\t<div class=\"elementor-element elementor-element-377ec4d elementor-widget elementor-widget-text-editor\" data-id=\"377ec4d\" data-element_type=\"widget\" data-widget_type=\"text-editor.default\">\n\t\t\t\t<div class=\"elementor-widget-container\">\n\t\t\t\t\t\t\t\t\t<p style=\"text-align: center;\">Mobile Ger\u00e4te<\/p>\t\t\t\t\t\t\t\t<\/div>\n\t\t\t\t<\/div>\n\t\t\t\t\t<\/div>\n\t\t<\/div>\n\t\t\t\t<div class=\"has_ae_slider elementor-column elementor-col-14 elementor-top-column elementor-element elementor-element-13d0a00 ae-bg-gallery-type-default\" data-id=\"13d0a00\" data-element_type=\"column\">\n\t\t\t<div class=\"elementor-widget-wrap elementor-element-populated\">\n\t\t\t\t\t\t<div class=\"elementor-element elementor-element-fbc752e elementor-widget elementor-widget-image\" data-id=\"fbc752e\" data-element_type=\"widget\" data-widget_type=\"image.default\">\n\t\t\t\t<div class=\"elementor-widget-container\">\n\t\t\t\t\t\t\t\t\t\t\t\t\t\t\t<img decoding=\"async\" src=\"https:\/\/www.fluidsystems.de\/wp-content\/uploads\/elementor\/thumbs\/Pikto_Mischen-qiqcpqh2d88k3bq7nxhn2uxoafhu8mhsfm8m8ao0yw.jpg\" title=\"Pikto_Mischen\" alt=\"Mischen\" loading=\"lazy\" \/>\t\t\t\t\t\t\t\t\t\t\t\t\t\t\t<\/div>\n\t\t\t\t<\/div>\n\t\t\t\t<div class=\"elementor-element elementor-element-97fab0f elementor-widget elementor-widget-text-editor\" data-id=\"97fab0f\" data-element_type=\"widget\" data-widget_type=\"text-editor.default\">\n\t\t\t\t<div class=\"elementor-widget-container\">\n\t\t\t\t\t\t\t\t\t<p style=\"text-align: center;\">Mischen<\/p>\t\t\t\t\t\t\t\t<\/div>\n\t\t\t\t<\/div>\n\t\t\t\t\t<\/div>\n\t\t<\/div>\n\t\t\t\t<div class=\"has_ae_slider elementor-column elementor-col-14 elementor-top-column elementor-element elementor-element-ce3505a ae-bg-gallery-type-default\" data-id=\"ce3505a\" data-element_type=\"column\">\n\t\t\t<div class=\"elementor-widget-wrap\">\n\t\t\t\t\t\t\t<\/div>\n\t\t<\/div>\n\t\t\t\t<div class=\"has_ae_slider elementor-column elementor-col-14 elementor-top-column elementor-element elementor-element-cf9230c ae-bg-gallery-type-default\" data-id=\"cf9230c\" data-element_type=\"column\">\n\t\t\t<div class=\"elementor-widget-wrap\">\n\t\t\t\t\t\t\t<\/div>\n\t\t<\/div>\n\t\t\t\t<div class=\"has_ae_slider elementor-column elementor-col-14 elementor-top-column elementor-element elementor-element-5cd0b8b ae-bg-gallery-type-default\" data-id=\"5cd0b8b\" data-element_type=\"column\">\n\t\t\t<div class=\"elementor-widget-wrap\">\n\t\t\t\t\t\t\t<\/div>\n\t\t<\/div>\n\t\t\t\t\t<\/div>\n\t\t<\/section>\n\t\t\t\t<section class=\"has_ae_slider elementor-section elementor-top-section elementor-element elementor-element-7f0f601 elementor-section-boxed elementor-section-height-default elementor-section-height-default ae-bg-gallery-type-default\" data-id=\"7f0f601\" data-element_type=\"section\">\n\t\t\t\t\t\t<div class=\"elementor-container elementor-column-gap-default\">\n\t\t\t\t\t<div class=\"has_ae_slider elementor-column elementor-col-100 elementor-top-column elementor-element elementor-element-2d7f8d3 ae-bg-gallery-type-default\" data-id=\"2d7f8d3\" data-element_type=\"column\">\n\t\t\t<div class=\"elementor-widget-wrap elementor-element-populated\">\n\t\t\t\t\t\t<div class=\"elementor-element elementor-element-871c12a elementor-widget-divider--view-line elementor-widget elementor-widget-divider\" data-id=\"871c12a\" data-element_type=\"widget\" data-widget_type=\"divider.default\">\n\t\t\t\t<div class=\"elementor-widget-container\">\n\t\t\t\t\t\t\t<div class=\"elementor-divider\">\n\t\t\t<span class=\"elementor-divider-separator\">\n\t\t\t\t\t\t<\/span>\n\t\t<\/div>\n\t\t\t\t\t\t<\/div>\n\t\t\t\t<\/div>\n\t\t\t\t\t<\/div>\n\t\t<\/div>\n\t\t\t\t\t<\/div>\n\t\t<\/section>\n\t\t\t\t<section class=\"has_ae_slider elementor-section elementor-top-section elementor-element elementor-element-473b3886 elementor-section-boxed elementor-section-height-default elementor-section-height-default ae-bg-gallery-type-default\" data-id=\"473b3886\" data-element_type=\"section\">\n\t\t\t\t\t\t<div class=\"elementor-container elementor-column-gap-default\">\n\t\t\t\t\t<div class=\"has_ae_slider elementor-column elementor-col-50 elementor-top-column elementor-element elementor-element-51a64ef4 ae-bg-gallery-type-default\" data-id=\"51a64ef4\" data-element_type=\"column\">\n\t\t\t<div class=\"elementor-widget-wrap elementor-element-populated\">\n\t\t\t\t\t\t<div class=\"elementor-element elementor-element-2516aa6d elementor-position-left elementor-vertical-align-top elementor-widget elementor-widget-image-box\" data-id=\"2516aa6d\" data-element_type=\"widget\" data-widget_type=\"image-box.default\">\n\t\t\t\t<div class=\"elementor-widget-container\">\n\t\t\t\t\t<div class=\"elementor-image-box-wrapper\"><figure class=\"elementor-image-box-img\"><img loading=\"lazy\" decoding=\"async\" width=\"50\" height=\"72\" src=\"https:\/\/www.fluidsystems.de\/wp-content\/uploads\/2019\/11\/reg_kontaktdummy.jpg\" class=\"attachment-full size-full wp-image-1029\" alt=\"\" \/><\/figure><div class=\"elementor-image-box-content\"><h3 class=\"elementor-image-box-title\">Giving advice<\/h3><p class=\"elementor-image-box-description\">We will gladly give you advice per phone concerning our product and sector-specific solutions.<\/p><\/div><\/div>\t\t\t\t<\/div>\n\t\t\t\t<\/div>\n\t\t\t\t<div class=\"elementor-element elementor-element-36bf82da elementor-widget elementor-widget-text-editor\" data-id=\"36bf82da\" data-element_type=\"widget\" data-widget_type=\"text-editor.default\">\n\t\t\t\t<div class=\"elementor-widget-container\">\n\t\t\t\t\t\t\t\t\t<p style=\"padding-left: 80px;\">Call us on\u00a0<br \/><strong>+49 (0)2129 349-0<\/strong><\/p>\t\t\t\t\t\t\t\t<\/div>\n\t\t\t\t<\/div>\n\t\t\t\t\t<\/div>\n\t\t<\/div>\n\t\t\t\t<div class=\"has_ae_slider elementor-column elementor-col-50 elementor-top-column elementor-element elementor-element-58d5a316 ae-bg-gallery-type-default\" data-id=\"58d5a316\" data-element_type=\"column\">\n\t\t\t<div class=\"elementor-widget-wrap elementor-element-populated\">\n\t\t\t\t\t\t<div class=\"elementor-element elementor-element-20ce1b89 elementor-position-left elementor-vertical-align-top elementor-widget elementor-widget-image-box\" data-id=\"20ce1b89\" data-element_type=\"widget\" data-widget_type=\"image-box.default\">\n\t\t\t\t<div class=\"elementor-widget-container\">\n\t\t\t\t\t<div class=\"elementor-image-box-wrapper\"><figure class=\"elementor-image-box-img\"><a href=\"\/leistungen\/\" tabindex=\"-1\"><img loading=\"lazy\" decoding=\"async\" width=\"50\" height=\"69\" src=\"https:\/\/www.fluidsystems.de\/wp-content\/uploads\/2019\/11\/reg_download.jpg\" class=\"attachment-full size-full wp-image-960\" alt=\"\" \/><\/a><\/figure><div class=\"elementor-image-box-content\"><h3 class=\"elementor-image-box-title\"><a href=\"\/leistungen\/\">Find out more<\/a><\/h3><p class=\"elementor-image-box-description\">Download our product and industry solutions brochure with the following link.<\/p><\/div><\/div>\t\t\t\t<\/div>\n\t\t\t\t<\/div>\n\t\t\t\t<div class=\"elementor-element elementor-element-5c7d2296 elementor-widget elementor-widget-text-editor\" data-id=\"5c7d2296\" data-element_type=\"widget\" data-widget_type=\"text-editor.default\">\n\t\t\t\t<div class=\"elementor-widget-container\">\n\t\t\t\t\t\t\t\t\t<p style=\"padding-left: 80px;\"><strong><a href=\"\/wp-content\/uploads\/2019\/11\/Produkt_Fluid_GB-op.pdf\">Download<\/a>\u00a0(1.73 MB)<\/strong><\/p>\t\t\t\t\t\t\t\t<\/div>\n\t\t\t\t<\/div>\n\t\t\t\t\t<\/div>\n\t\t<\/div>\n\t\t\t\t\t<\/div>\n\t\t<\/section>\n\t\t\t\t<\/div>\n\t\t","protected":false},"excerpt":{"rendered":"<p>For new coating and renovation of pipes made of steel, concrete and other materials. Coating materials such as polyurea and PUR with a pot life of approx. 15 seconds can be processed.The application of other 2K and 1K coating systems is also possible. Material supply is done using the customary system technology for the respective [&hellip;]<\/p>\n","protected":false},"author":1,"featured_media":0,"parent":462,"menu_order":5,"comment_status":"closed","ping_status":"closed","template":"","meta":{"footnotes":""},"class_list":["post-451","page","type-page","status-publish","hentry"],"_links":{"self":[{"href":"https:\/\/www.fluidsystems.de\/en\/wp-json\/wp\/v2\/pages\/451","targetHints":{"allow":["GET"]}}],"collection":[{"href":"https:\/\/www.fluidsystems.de\/en\/wp-json\/wp\/v2\/pages"}],"about":[{"href":"https:\/\/www.fluidsystems.de\/en\/wp-json\/wp\/v2\/types\/page"}],"author":[{"embeddable":true,"href":"https:\/\/www.fluidsystems.de\/en\/wp-json\/wp\/v2\/users\/1"}],"replies":[{"embeddable":true,"href":"https:\/\/www.fluidsystems.de\/en\/wp-json\/wp\/v2\/comments?post=451"}],"version-history":[{"count":4,"href":"https:\/\/www.fluidsystems.de\/en\/wp-json\/wp\/v2\/pages\/451\/revisions"}],"predecessor-version":[{"id":2053,"href":"https:\/\/www.fluidsystems.de\/en\/wp-json\/wp\/v2\/pages\/451\/revisions\/2053"}],"up":[{"embeddable":true,"href":"https:\/\/www.fluidsystems.de\/en\/wp-json\/wp\/v2\/pages\/462"}],"wp:attachment":[{"href":"https:\/\/www.fluidsystems.de\/en\/wp-json\/wp\/v2\/media?parent=451"}],"curies":[{"name":"wp","href":"https:\/\/api.w.org\/{rel}","templated":true}]}}