{"id":443,"date":"2019-11-04T14:24:23","date_gmt":"2019-11-04T12:24:23","guid":{"rendered":"http:\/\/neu.fluidsystems.de\/plants-for-corrosion-protection\/"},"modified":"2020-03-12T12:20:25","modified_gmt":"2020-03-12T10:20:25","slug":"plants-for-corrosion-protection","status":"publish","type":"page","link":"https:\/\/www.fluidsystems.de\/en\/products\/plants-for-corrosion-protection\/","title":{"rendered":"Plants for Corrosion Protection"},"content":{"rendered":"\t\t<div data-elementor-type=\"wp-page\" data-elementor-id=\"443\" class=\"elementor elementor-443 elementor-177\" data-elementor-post-type=\"page\">\n\t\t\t\t\t\t<section class=\"has_ae_slider elementor-section elementor-top-section elementor-element elementor-element-74b46961 elementor-section-boxed elementor-section-height-default elementor-section-height-default ae-bg-gallery-type-default\" data-id=\"74b46961\" data-element_type=\"section\">\n\t\t\t\t\t\t<div class=\"elementor-container elementor-column-gap-default\">\n\t\t\t\t\t<div class=\"has_ae_slider elementor-column elementor-col-33 elementor-top-column elementor-element elementor-element-46f02ac8 ae-bg-gallery-type-default\" data-id=\"46f02ac8\" data-element_type=\"column\">\n\t\t\t<div class=\"elementor-widget-wrap elementor-element-populated\">\n\t\t\t\t\t\t<div class=\"elementor-element elementor-element-4ed50a7 elementor-widget elementor-widget-image\" data-id=\"4ed50a7\" data-element_type=\"widget\" data-widget_type=\"image.default\">\n\t\t\t\t<div class=\"elementor-widget-container\">\n\t\t\t\t\t\t\t\t\t\t\t\t\t\t\t<img decoding=\"async\" width=\"85\" height=\"140\" src=\"https:\/\/www.fluidsystems.de\/wp-content\/uploads\/2019\/11\/register_korrosion.jpg\" class=\"attachment-large size-large wp-image-1120\" alt=\"Wachsd\u00fcse, Handd\u00fcse Speziald\u00fcse D\u00fcse f\u00fcr Unterbodenschutz Auftragsd\u00fcsen Sealerd\u00fcse D\u00fcse Nahtabdichtung Handapplikation\" \/>\t\t\t\t\t\t\t\t\t\t\t\t\t\t\t<\/div>\n\t\t\t\t<\/div>\n\t\t\t\t\t<\/div>\n\t\t<\/div>\n\t\t\t\t<div class=\"has_ae_slider elementor-column elementor-col-33 elementor-top-column elementor-element elementor-element-3c64e08a ae-bg-gallery-type-default\" data-id=\"3c64e08a\" data-element_type=\"column\">\n\t\t\t<div class=\"elementor-widget-wrap elementor-element-populated\">\n\t\t\t\t\t\t<div class=\"elementor-element elementor-element-1a88d17b elementor-widget elementor-widget-text-editor\" data-id=\"1a88d17b\" data-element_type=\"widget\" data-widget_type=\"text-editor.default\">\n\t\t\t\t<div class=\"elementor-widget-container\">\n\t\t\t\t\t\t\t\t\t<h2>Corrosion protection<\/h2><p>\u00a0<\/p><p>We don\u2019t just convey everything that is liquid, we also protect it!<\/p><p>For the best protection of your surfaces on equipment, machines, roofs, pipes, fa\u00e7ades, floor coverings, against rust and corrosion we offer you a broad range of products for protective coatings!<\/p><p>Even the oldest iron does not rust with our solutions.<\/p><p>Individually tailored to your desires.<\/p><p>Just give us a call.<\/p>\t\t\t\t\t\t\t\t<\/div>\n\t\t\t\t<\/div>\n\t\t\t\t\t<\/div>\n\t\t<\/div>\n\t\t\t\t<div class=\"has_ae_slider elementor-column elementor-col-33 elementor-top-column elementor-element elementor-element-36de9bd5 ae-bg-gallery-type-default\" data-id=\"36de9bd5\" data-element_type=\"column\">\n\t\t\t<div class=\"elementor-widget-wrap elementor-element-populated\">\n\t\t\t\t\t\t<div class=\"elementor-element elementor-element-3b4aa674 elementor-widget elementor-widget-image\" data-id=\"3b4aa674\" data-element_type=\"widget\" data-widget_type=\"image.default\">\n\t\t\t\t<div class=\"elementor-widget-container\">\n\t\t\t\t\t\t\t\t\t\t\t\t\t\t\t<img fetchpriority=\"high\" decoding=\"async\" width=\"441\" height=\"308\" src=\"https:\/\/www.fluidsystems.de\/wp-content\/uploads\/2019\/11\/Korrosionsschutz1.jpg\" class=\"attachment-large size-large wp-image-1107\" alt=\"\" srcset=\"https:\/\/www.fluidsystems.de\/wp-content\/uploads\/2019\/11\/Korrosionsschutz1.jpg 441w, https:\/\/www.fluidsystems.de\/wp-content\/uploads\/2019\/11\/Korrosionsschutz1-300x210.jpg 300w\" sizes=\"(max-width: 441px) 100vw, 441px\" \/>\t\t\t\t\t\t\t\t\t\t\t\t\t\t\t<\/div>\n\t\t\t\t<\/div>\n\t\t\t\t<div class=\"elementor-element elementor-element-50ceb508 elementor-widget elementor-widget-image\" data-id=\"50ceb508\" data-element_type=\"widget\" data-widget_type=\"image.default\">\n\t\t\t\t<div class=\"elementor-widget-container\">\n\t\t\t\t\t\t\t\t\t\t\t\t\t\t\t<img decoding=\"async\" width=\"441\" height=\"308\" src=\"https:\/\/www.fluidsystems.de\/wp-content\/uploads\/2019\/11\/Korrosionsschutz2.jpg\" class=\"attachment-large size-large wp-image-1109\" alt=\"\" srcset=\"https:\/\/www.fluidsystems.de\/wp-content\/uploads\/2019\/11\/Korrosionsschutz2.jpg 441w, https:\/\/www.fluidsystems.de\/wp-content\/uploads\/2019\/11\/Korrosionsschutz2-300x210.jpg 300w\" sizes=\"(max-width: 441px) 100vw, 441px\" \/>\t\t\t\t\t\t\t\t\t\t\t\t\t\t\t<\/div>\n\t\t\t\t<\/div>\n\t\t\t\t\t<\/div>\n\t\t<\/div>\n\t\t\t\t\t<\/div>\n\t\t<\/section>\n\t\t\t\t<section class=\"has_ae_slider elementor-section elementor-top-section elementor-element elementor-element-18beece7 elementor-section-boxed elementor-section-height-default elementor-section-height-default ae-bg-gallery-type-default\" data-id=\"18beece7\" data-element_type=\"section\">\n\t\t\t\t\t\t<div class=\"elementor-container elementor-column-gap-default\">\n\t\t\t\t\t<div class=\"has_ae_slider elementor-column elementor-col-100 elementor-top-column elementor-element elementor-element-13f2db77 ae-bg-gallery-type-default\" data-id=\"13f2db77\" data-element_type=\"column\">\n\t\t\t<div class=\"elementor-widget-wrap elementor-element-populated\">\n\t\t\t\t\t\t<div class=\"elementor-element elementor-element-772e1dd2 elementor-widget-divider--view-line elementor-widget elementor-widget-divider\" data-id=\"772e1dd2\" data-element_type=\"widget\" data-widget_type=\"divider.default\">\n\t\t\t\t<div class=\"elementor-widget-container\">\n\t\t\t\t\t\t\t<div class=\"elementor-divider\">\n\t\t\t<span class=\"elementor-divider-separator\">\n\t\t\t\t\t\t<\/span>\n\t\t<\/div>\n\t\t\t\t\t\t<\/div>\n\t\t\t\t<\/div>\n\t\t\t\t<div class=\"elementor-element elementor-element-b30c1a elementor-widget elementor-widget-heading\" data-id=\"b30c1a\" data-element_type=\"widget\" data-widget_type=\"heading.default\">\n\t\t\t\t<div class=\"elementor-widget-container\">\n\t\t\t\t\t<h4 class=\"elementor-heading-title elementor-size-default\">Examples of applications:<\/h4>\t\t\t\t<\/div>\n\t\t\t\t<\/div>\n\t\t\t\t\t<\/div>\n\t\t<\/div>\n\t\t\t\t\t<\/div>\n\t\t<\/section>\n\t\t\t\t<section class=\"has_ae_slider elementor-section elementor-top-section elementor-element elementor-element-1886191e elementor-section-boxed elementor-section-height-default elementor-section-height-default ae-bg-gallery-type-default\" data-id=\"1886191e\" data-element_type=\"section\">\n\t\t\t\t\t\t<div class=\"elementor-container elementor-column-gap-default\">\n\t\t\t\t\t<div class=\"has_ae_slider elementor-column elementor-col-33 elementor-top-column elementor-element elementor-element-701c60db ae-bg-gallery-type-default\" data-id=\"701c60db\" data-element_type=\"column\">\n\t\t\t<div class=\"elementor-widget-wrap elementor-element-populated\">\n\t\t\t\t\t\t<div class=\"elementor-element elementor-element-613bc5e3 elementor-widget elementor-widget-text-editor\" data-id=\"613bc5e3\" data-element_type=\"widget\" data-widget_type=\"text-editor.default\">\n\t\t\t\t<div class=\"elementor-widget-container\">\n\t\t\t\t\t\t\t\t\t<ul><li>Containers\/tanks<\/li><li>Rolling stock<\/li><li>Refineries<\/li><li>Overflow basins<\/li><li>Towers of wind energy plants<\/li><li>Water towers<\/li><li>Coating of structural steel<\/li><li>Roof coating<\/li><\/ul>\t\t\t\t\t\t\t\t<\/div>\n\t\t\t\t<\/div>\n\t\t\t\t\t<\/div>\n\t\t<\/div>\n\t\t\t\t<div class=\"has_ae_slider elementor-column elementor-col-33 elementor-top-column elementor-element elementor-element-1fd39c4c ae-bg-gallery-type-default\" data-id=\"1fd39c4c\" data-element_type=\"column\">\n\t\t\t<div class=\"elementor-widget-wrap elementor-element-populated\">\n\t\t\t\t\t\t<div class=\"elementor-element elementor-element-6f4e0508 elementor-widget elementor-widget-text-editor\" data-id=\"6f4e0508\" data-element_type=\"widget\" data-widget_type=\"text-editor.default\">\n\t\t\t\t<div class=\"elementor-widget-container\">\n\t\t\t\t\t\t\t\t\t<ul><li>Bridges<\/li><li>Waste water treatment<\/li><li>Marine\/shipbuilding<\/li><li>Pipes<\/li><li>Tank and silo lining<\/li><li>Swimming pool construction<\/li><li>Pond construction<\/li><\/ul>\t\t\t\t\t\t\t\t<\/div>\n\t\t\t\t<\/div>\n\t\t\t\t\t<\/div>\n\t\t<\/div>\n\t\t\t\t<div class=\"has_ae_slider elementor-column elementor-col-33 elementor-top-column elementor-element elementor-element-140adb17 ae-bg-gallery-type-default\" data-id=\"140adb17\" data-element_type=\"column\">\n\t\t\t<div class=\"elementor-widget-wrap elementor-element-populated\">\n\t\t\t\t\t\t<div class=\"elementor-element elementor-element-4e29e5af elementor-widget elementor-widget-image\" data-id=\"4e29e5af\" data-element_type=\"widget\" data-widget_type=\"image.default\">\n\t\t\t\t<div class=\"elementor-widget-container\">\n\t\t\t\t\t\t\t\t\t\t\t\t\t\t\t<img loading=\"lazy\" decoding=\"async\" width=\"640\" height=\"480\" src=\"https:\/\/www.fluidsystems.de\/wp-content\/uploads\/2019\/11\/Korrosionsschutz3.jpg\" class=\"attachment-large size-large wp-image-1111\" alt=\"ztztf\" srcset=\"https:\/\/www.fluidsystems.de\/wp-content\/uploads\/2019\/11\/Korrosionsschutz3.jpg 640w, https:\/\/www.fluidsystems.de\/wp-content\/uploads\/2019\/11\/Korrosionsschutz3-300x225.jpg 300w\" sizes=\"(max-width: 640px) 100vw, 640px\" \/>\t\t\t\t\t\t\t\t\t\t\t\t\t\t\t<\/div>\n\t\t\t\t<\/div>\n\t\t\t\t\t<\/div>\n\t\t<\/div>\n\t\t\t\t\t<\/div>\n\t\t<\/section>\n\t\t\t\t<section class=\"has_ae_slider elementor-section elementor-top-section elementor-element elementor-element-63e6bf14 elementor-section-boxed elementor-section-height-default elementor-section-height-default ae-bg-gallery-type-default\" data-id=\"63e6bf14\" data-element_type=\"section\">\n\t\t\t\t\t\t<div class=\"elementor-container elementor-column-gap-default\">\n\t\t\t\t\t<div class=\"has_ae_slider elementor-column elementor-col-100 elementor-top-column elementor-element elementor-element-16939279 ae-bg-gallery-type-default\" data-id=\"16939279\" data-element_type=\"column\">\n\t\t\t<div class=\"elementor-widget-wrap elementor-element-populated\">\n\t\t\t\t\t\t<div class=\"elementor-element elementor-element-61ce51f7 elementor-widget-divider--view-line elementor-widget elementor-widget-divider\" data-id=\"61ce51f7\" data-element_type=\"widget\" data-widget_type=\"divider.default\">\n\t\t\t\t<div class=\"elementor-widget-container\">\n\t\t\t\t\t\t\t<div class=\"elementor-divider\">\n\t\t\t<span class=\"elementor-divider-separator\">\n\t\t\t\t\t\t<\/span>\n\t\t<\/div>\n\t\t\t\t\t\t<\/div>\n\t\t\t\t<\/div>\n\t\t\t\t\t<\/div>\n\t\t<\/div>\n\t\t\t\t\t<\/div>\n\t\t<\/section>\n\t\t\t\t<section class=\"has_ae_slider elementor-section elementor-top-section elementor-element elementor-element-36f74401 elementor-section-boxed elementor-section-height-default elementor-section-height-default ae-bg-gallery-type-default\" data-id=\"36f74401\" data-element_type=\"section\">\n\t\t\t\t\t\t<div class=\"elementor-container elementor-column-gap-default\">\n\t\t\t\t\t<div class=\"has_ae_slider elementor-column elementor-col-14 elementor-top-column elementor-element elementor-element-6520e301 ae-bg-gallery-type-default\" data-id=\"6520e301\" data-element_type=\"column\">\n\t\t\t<div class=\"elementor-widget-wrap elementor-element-populated\">\n\t\t\t\t\t\t<div class=\"elementor-element elementor-element-5aa9e165 elementor-widget elementor-widget-image\" data-id=\"5aa9e165\" data-element_type=\"widget\" data-widget_type=\"image.default\">\n\t\t\t\t<div class=\"elementor-widget-container\">\n\t\t\t\t\t\t\t\t\t\t\t\t\t\t\t<img decoding=\"async\" src=\"https:\/\/www.fluidsystems.de\/wp-content\/uploads\/elementor\/thumbs\/Pikto_Mischen-qiqcpqh2d88k3bq7nxhn2uxoafhu8mhsfm8m8ao0yw.jpg\" title=\"Pikto_Mischen\" alt=\"Mischen\" loading=\"lazy\" \/>\t\t\t\t\t\t\t\t\t\t\t\t\t\t\t<\/div>\n\t\t\t\t<\/div>\n\t\t\t\t<div class=\"elementor-element elementor-element-3d7d2f1f elementor-widget elementor-widget-text-editor\" data-id=\"3d7d2f1f\" data-element_type=\"widget\" data-widget_type=\"text-editor.default\">\n\t\t\t\t<div class=\"elementor-widget-container\">\n\t\t\t\t\t\t\t\t\t<p style=\"text-align: center;\">Mischen<\/p>\t\t\t\t\t\t\t\t<\/div>\n\t\t\t\t<\/div>\n\t\t\t\t\t<\/div>\n\t\t<\/div>\n\t\t\t\t<div class=\"has_ae_slider elementor-column elementor-col-14 elementor-top-column elementor-element elementor-element-39263b24 ae-bg-gallery-type-default\" data-id=\"39263b24\" data-element_type=\"column\">\n\t\t\t<div class=\"elementor-widget-wrap elementor-element-populated\">\n\t\t\t\t\t\t<div class=\"elementor-element elementor-element-6d4ab255 elementor-widget elementor-widget-image\" data-id=\"6d4ab255\" data-element_type=\"widget\" data-widget_type=\"image.default\">\n\t\t\t\t<div class=\"elementor-widget-container\">\n\t\t\t\t\t\t\t\t\t\t\t\t\t\t\t<img decoding=\"async\" src=\"https:\/\/www.fluidsystems.de\/wp-content\/uploads\/elementor\/thumbs\/Pikto_Polyurea-qiqcpqh2d88k3bq7nxhn2uxoafhu8mhsfm8m8ao0yw.jpg\" title=\"Pikto_Polyurea\" alt=\"Pikto_Polyurea\" loading=\"lazy\" \/>\t\t\t\t\t\t\t\t\t\t\t\t\t\t\t<\/div>\n\t\t\t\t<\/div>\n\t\t\t\t<div class=\"elementor-element elementor-element-830a962 elementor-widget elementor-widget-text-editor\" data-id=\"830a962\" data-element_type=\"widget\" data-widget_type=\"text-editor.default\">\n\t\t\t\t<div class=\"elementor-widget-container\">\n\t\t\t\t\t\t\t\t\t<p style=\"text-align: center;\">Polyurea\u200b<\/p>\n\t\t\t\t\t\t\t\t<\/div>\n\t\t\t\t<\/div>\n\t\t\t\t\t<\/div>\n\t\t<\/div>\n\t\t\t\t<div class=\"has_ae_slider elementor-column elementor-col-14 elementor-top-column elementor-element elementor-element-41285b33 ae-bg-gallery-type-default\" data-id=\"41285b33\" data-element_type=\"column\">\n\t\t\t<div class=\"elementor-widget-wrap elementor-element-populated\">\n\t\t\t\t\t\t<div class=\"elementor-element elementor-element-ed92dde elementor-widget elementor-widget-image\" data-id=\"ed92dde\" data-element_type=\"widget\" data-widget_type=\"image.default\">\n\t\t\t\t<div class=\"elementor-widget-container\">\n\t\t\t\t\t\t\t\t\t\t\t\t\t\t\t<img decoding=\"async\" src=\"https:\/\/www.fluidsystems.de\/wp-content\/uploads\/elementor\/thumbs\/Pikto_pistolen-qiqcpqh2d88k3bq7nxhn2uxoafhu8mhsfm8m8ao0yw.jpg\" title=\"Pikto_pistolen\" alt=\"Farbsystems, Farbspritzsysteme Ger\u00e4te zum Auftragen von Lack\" loading=\"lazy\" \/>\t\t\t\t\t\t\t\t\t\t\t\t\t\t\t<\/div>\n\t\t\t\t<\/div>\n\t\t\t\t<div class=\"elementor-element elementor-element-37294fd1 elementor-widget elementor-widget-text-editor\" data-id=\"37294fd1\" data-element_type=\"widget\" data-widget_type=\"text-editor.default\">\n\t\t\t\t<div class=\"elementor-widget-container\">\n\t\t\t\t\t\t\t\t\t<p style=\"text-align: center;\">Pistolen<\/p>\t\t\t\t\t\t\t\t<\/div>\n\t\t\t\t<\/div>\n\t\t\t\t\t<\/div>\n\t\t<\/div>\n\t\t\t\t<div class=\"has_ae_slider elementor-column elementor-col-14 elementor-top-column elementor-element elementor-element-232646be ae-bg-gallery-type-default\" data-id=\"232646be\" data-element_type=\"column\">\n\t\t\t<div class=\"elementor-widget-wrap elementor-element-populated\">\n\t\t\t\t\t\t<div class=\"elementor-element elementor-element-3b598335 elementor-widget elementor-widget-image\" data-id=\"3b598335\" data-element_type=\"widget\" data-widget_type=\"image.default\">\n\t\t\t\t<div class=\"elementor-widget-container\">\n\t\t\t\t\t\t\t\t\t\t\t\t\t\t\t<img decoding=\"async\" src=\"https:\/\/www.fluidsystems.de\/wp-content\/uploads\/elementor\/thumbs\/Pikto_mobile-spritzen-qiqcpqh2d88k3bq7nxhn2uxoafhu8mhsfm8m8ao0yw.jpg\" title=\"Pikto_mobile-spritzen\" alt=\"Pumpen, Membranpumpen, Huskypumpen, Presidentpumpen, Kolbenpumpen Reactor ProMix Airlessger\u00e4te Triton B\u00f6llhoff Lebensmittelpumpen Spritzpistolen ATEX Pumpen Pumpenreparatur elektrisch Membranpumpe Pumpe Pumpen Ersatzteile Graco\" loading=\"lazy\" \/>\t\t\t\t\t\t\t\t\t\t\t\t\t\t\t<\/div>\n\t\t\t\t<\/div>\n\t\t\t\t<div class=\"elementor-element elementor-element-4b38f4c6 elementor-widget elementor-widget-text-editor\" data-id=\"4b38f4c6\" data-element_type=\"widget\" data-widget_type=\"text-editor.default\">\n\t\t\t\t<div class=\"elementor-widget-container\">\n\t\t\t\t\t\t\t\t\t<p style=\"text-align: center;\">Mobile Ger\u00e4te<\/p>\t\t\t\t\t\t\t\t<\/div>\n\t\t\t\t<\/div>\n\t\t\t\t\t<\/div>\n\t\t<\/div>\n\t\t\t\t<div class=\"has_ae_slider elementor-column elementor-col-14 elementor-top-column elementor-element elementor-element-10181a40 ae-bg-gallery-type-default\" data-id=\"10181a40\" data-element_type=\"column\">\n\t\t\t<div class=\"elementor-widget-wrap\">\n\t\t\t\t\t\t\t<\/div>\n\t\t<\/div>\n\t\t\t\t<div class=\"has_ae_slider elementor-column elementor-col-14 elementor-top-column elementor-element elementor-element-95ade31 ae-bg-gallery-type-default\" data-id=\"95ade31\" data-element_type=\"column\">\n\t\t\t<div class=\"elementor-widget-wrap\">\n\t\t\t\t\t\t\t<\/div>\n\t\t<\/div>\n\t\t\t\t<div class=\"has_ae_slider elementor-column elementor-col-14 elementor-top-column elementor-element elementor-element-68695dd ae-bg-gallery-type-default\" data-id=\"68695dd\" data-element_type=\"column\">\n\t\t\t<div class=\"elementor-widget-wrap\">\n\t\t\t\t\t\t\t<\/div>\n\t\t<\/div>\n\t\t\t\t\t<\/div>\n\t\t<\/section>\n\t\t\t\t<section class=\"has_ae_slider elementor-section elementor-top-section elementor-element elementor-element-756155cc elementor-section-boxed elementor-section-height-default elementor-section-height-default ae-bg-gallery-type-default\" data-id=\"756155cc\" data-element_type=\"section\">\n\t\t\t\t\t\t<div class=\"elementor-container elementor-column-gap-default\">\n\t\t\t\t\t<div class=\"has_ae_slider elementor-column elementor-col-100 elementor-top-column elementor-element elementor-element-7f6d5b87 ae-bg-gallery-type-default\" data-id=\"7f6d5b87\" data-element_type=\"column\">\n\t\t\t<div class=\"elementor-widget-wrap elementor-element-populated\">\n\t\t\t\t\t\t<div class=\"elementor-element elementor-element-7b58dec1 elementor-widget-divider--view-line elementor-widget elementor-widget-divider\" data-id=\"7b58dec1\" data-element_type=\"widget\" data-widget_type=\"divider.default\">\n\t\t\t\t<div class=\"elementor-widget-container\">\n\t\t\t\t\t\t\t<div class=\"elementor-divider\">\n\t\t\t<span class=\"elementor-divider-separator\">\n\t\t\t\t\t\t<\/span>\n\t\t<\/div>\n\t\t\t\t\t\t<\/div>\n\t\t\t\t<\/div>\n\t\t\t\t\t<\/div>\n\t\t<\/div>\n\t\t\t\t\t<\/div>\n\t\t<\/section>\n\t\t\t\t<section class=\"has_ae_slider elementor-section elementor-top-section elementor-element elementor-element-70e905e elementor-section-boxed elementor-section-height-default elementor-section-height-default ae-bg-gallery-type-default\" data-id=\"70e905e\" data-element_type=\"section\">\n\t\t\t\t\t\t<div class=\"elementor-container elementor-column-gap-default\">\n\t\t\t\t\t<div class=\"has_ae_slider elementor-column elementor-col-50 elementor-top-column elementor-element elementor-element-5a737293 ae-bg-gallery-type-default\" data-id=\"5a737293\" data-element_type=\"column\">\n\t\t\t<div class=\"elementor-widget-wrap elementor-element-populated\">\n\t\t\t\t\t\t<div class=\"elementor-element elementor-element-56fd262c elementor-position-left elementor-vertical-align-top elementor-widget elementor-widget-image-box\" data-id=\"56fd262c\" data-element_type=\"widget\" data-widget_type=\"image-box.default\">\n\t\t\t\t<div class=\"elementor-widget-container\">\n\t\t\t\t\t<div class=\"elementor-image-box-wrapper\"><figure class=\"elementor-image-box-img\"><img loading=\"lazy\" decoding=\"async\" width=\"50\" height=\"72\" src=\"https:\/\/www.fluidsystems.de\/wp-content\/uploads\/2019\/11\/reg_kontaktdummy.jpg\" class=\"attachment-full size-full wp-image-1029\" alt=\"\" \/><\/figure><div class=\"elementor-image-box-content\"><h3 class=\"elementor-image-box-title\">Giving advice<\/h3><p class=\"elementor-image-box-description\">We will gladly give you advice per phone concerning our product and sector-specific solutions.<\/p><\/div><\/div>\t\t\t\t<\/div>\n\t\t\t\t<\/div>\n\t\t\t\t<div class=\"elementor-element elementor-element-259bbb1c elementor-widget elementor-widget-text-editor\" data-id=\"259bbb1c\" data-element_type=\"widget\" data-widget_type=\"text-editor.default\">\n\t\t\t\t<div class=\"elementor-widget-container\">\n\t\t\t\t\t\t\t\t\t<p style=\"padding-left: 80px;\">Call us on\u00a0<br \/><strong>+49 (0)2129 349-0<\/strong><\/p>\t\t\t\t\t\t\t\t<\/div>\n\t\t\t\t<\/div>\n\t\t\t\t\t<\/div>\n\t\t<\/div>\n\t\t\t\t<div class=\"has_ae_slider elementor-column elementor-col-50 elementor-top-column elementor-element elementor-element-3e5434da ae-bg-gallery-type-default\" data-id=\"3e5434da\" data-element_type=\"column\">\n\t\t\t<div class=\"elementor-widget-wrap elementor-element-populated\">\n\t\t\t\t\t\t<div class=\"elementor-element elementor-element-52590ce0 elementor-position-left elementor-vertical-align-top elementor-widget elementor-widget-image-box\" data-id=\"52590ce0\" data-element_type=\"widget\" data-widget_type=\"image-box.default\">\n\t\t\t\t<div class=\"elementor-widget-container\">\n\t\t\t\t\t<div class=\"elementor-image-box-wrapper\"><figure class=\"elementor-image-box-img\"><a href=\"\/leistungen\/\" tabindex=\"-1\"><img loading=\"lazy\" decoding=\"async\" width=\"50\" height=\"69\" src=\"https:\/\/www.fluidsystems.de\/wp-content\/uploads\/2019\/11\/reg_download.jpg\" class=\"attachment-full size-full wp-image-960\" alt=\"\" \/><\/a><\/figure><div class=\"elementor-image-box-content\"><h3 class=\"elementor-image-box-title\"><a href=\"\/leistungen\/\">Find out more<\/a><\/h3><p class=\"elementor-image-box-description\">Download our product and industry solutions brochure with the following link.<\/p><\/div><\/div>\t\t\t\t<\/div>\n\t\t\t\t<\/div>\n\t\t\t\t<div class=\"elementor-element elementor-element-264deb48 elementor-widget elementor-widget-text-editor\" data-id=\"264deb48\" data-element_type=\"widget\" data-widget_type=\"text-editor.default\">\n\t\t\t\t<div class=\"elementor-widget-container\">\n\t\t\t\t\t\t\t\t\t<p style=\"padding-left: 80px;\"><strong><a href=\"\/wp-content\/uploads\/2019\/11\/Produkt_Fluid_GB-op.pdf\">Download<\/a>\u00a0(1.73 MB)<\/strong><\/p>\t\t\t\t\t\t\t\t<\/div>\n\t\t\t\t<\/div>\n\t\t\t\t\t<\/div>\n\t\t<\/div>\n\t\t\t\t\t<\/div>\n\t\t<\/section>\n\t\t\t\t<\/div>\n\t\t","protected":false},"excerpt":{"rendered":"<p>Corrosion protection We don\u2019t just convey everything that is liquid, we also protect it! For the best protection of your surfaces on equipment, machines, roofs, pipes, fa\u00e7ades, floor coverings, against rust and corrosion we offer you a broad range of products for protective coatings! Even the oldest iron does not rust with our solutions. Individually [&hellip;]<\/p>\n","protected":false},"author":1,"featured_media":0,"parent":462,"menu_order":0,"comment_status":"closed","ping_status":"closed","template":"","meta":{"footnotes":""},"class_list":["post-443","page","type-page","status-publish","hentry"],"_links":{"self":[{"href":"https:\/\/www.fluidsystems.de\/en\/wp-json\/wp\/v2\/pages\/443","targetHints":{"allow":["GET"]}}],"collection":[{"href":"https:\/\/www.fluidsystems.de\/en\/wp-json\/wp\/v2\/pages"}],"about":[{"href":"https:\/\/www.fluidsystems.de\/en\/wp-json\/wp\/v2\/types\/page"}],"author":[{"embeddable":true,"href":"https:\/\/www.fluidsystems.de\/en\/wp-json\/wp\/v2\/users\/1"}],"replies":[{"embeddable":true,"href":"https:\/\/www.fluidsystems.de\/en\/wp-json\/wp\/v2\/comments?post=443"}],"version-history":[{"count":7,"href":"https:\/\/www.fluidsystems.de\/en\/wp-json\/wp\/v2\/pages\/443\/revisions"}],"predecessor-version":[{"id":2038,"href":"https:\/\/www.fluidsystems.de\/en\/wp-json\/wp\/v2\/pages\/443\/revisions\/2038"}],"up":[{"embeddable":true,"href":"https:\/\/www.fluidsystems.de\/en\/wp-json\/wp\/v2\/pages\/462"}],"wp:attachment":[{"href":"https:\/\/www.fluidsystems.de\/en\/wp-json\/wp\/v2\/media?parent=443"}],"curies":[{"name":"wp","href":"https:\/\/api.w.org\/{rel}","templated":true}]}}